{"id":2332,"date":"2025-12-17T10:57:48","date_gmt":"2025-12-17T10:57:48","guid":{"rendered":"https:\/\/pisc.uk\/pl\/?page_id=2332"},"modified":"2025-12-17T18:47:41","modified_gmt":"2025-12-17T18:47:41","slug":"ulotka","status":"publish","type":"page","link":"https:\/\/pisc.uk\/pl\/ulotka\/","title":{"rendered":"Ulotka"},"content":{"rendered":"\t\t<div data-elementor-type=\"wp-page\" data-elementor-id=\"2332\" class=\"elementor elementor-2332\">\n\t\t\t\t<div class=\"elementor-element elementor-element-e36c5cb e-grid e-con-boxed e-con e-parent\" data-id=\"e36c5cb\" data-element_type=\"container\" data-settings=\"{&quot;background_background&quot;:&quot;classic&quot;}\">\n\t\t\t\t\t<div class=\"e-con-inner\">\n\t\t\t\t<div class=\"elementor-element elementor-element-cc59876 elementor-hidden-mobile elementor-widget elementor-widget-image\" data-id=\"cc59876\" data-element_type=\"widget\" data-widget_type=\"image.default\">\n\t\t\t\t\t\t\t\t\t\t\t\t\t\t\t<img fetchpriority=\"high\" decoding=\"async\" width=\"727\" height=\"1024\" src=\"https:\/\/pisc.uk\/pl\/wp-content\/uploads\/2025\/12\/PISC-CIC-Booklet-1-727x1024.webp\" class=\"attachment-large size-large wp-image-2342\" alt=\"pisc cic booklet.webp\" srcset=\"https:\/\/pisc.uk\/pl\/wp-content\/uploads\/2025\/12\/PISC-CIC-Booklet-1-727x1024.webp 727w, https:\/\/pisc.uk\/pl\/wp-content\/uploads\/2025\/12\/PISC-CIC-Booklet-1-213x300.webp 213w, https:\/\/pisc.uk\/pl\/wp-content\/uploads\/2025\/12\/PISC-CIC-Booklet-1-768x1082.webp 768w, https:\/\/pisc.uk\/pl\/wp-content\/uploads\/2025\/12\/PISC-CIC-Booklet-1-1090x1536.webp 1090w, https:\/\/pisc.uk\/pl\/wp-content\/uploads\/2025\/12\/PISC-CIC-Booklet-1.webp 1240w\" sizes=\"(max-width: 727px) 100vw, 727px\" title=\"Ulotka\">\t\t\t\t\t\t\t\t\t\t\t\t\t\t\t<\/div>\n\t\t\t\t<div class=\"elementor-element elementor-element-65e7c49 elementor-widget elementor-widget-text-editor\" data-id=\"65e7c49\" data-element_type=\"widget\" data-widget_type=\"text-editor.default\">\n\t\t\t\t\t\t\t\t\t<div data-id=\"4e4ae70\" data-element_type=\"widget\" data-widget_type=\"text-editor.default\"><p data-start=\"0\" data-end=\"66\">Wspieramy spo\u0142eczno\u015bci. Dzielimy si\u0119 wiedz\u0105. Inspirujemy do zmian.<\/p><\/div><div data-id=\"6dfadbe\" data-element_type=\"widget\" data-widget_type=\"heading.default\"><h1><span style=\"color: #ffffff;\">Sprawd\u017a nasz<\/span><span style=\"color: #ffffff;\">\u0105<\/span><\/h1><h1><span style=\"color: #ffffff;\">najnowsz\u0105 ulotk\u0119<\/span><\/h1><\/div><div data-id=\"58b062f\" data-element_type=\"widget\" data-widget_type=\"text-editor.default\"><p data-start=\"49\" data-end=\"357\"><strong>Weso\u0142ych \u015awi\u0105t i Szcz\u0119\u015bliwego Nowego Roku \ud83c\udf84<\/strong><br data-start=\"158\" data-end=\"161\" \/>\u017byczymy pokoju, nadziei i wsp\u00f3lnoty w tym \u015bwi\u0105tecznym czasie.<br data-start=\"222\" data-end=\"225\" data-is-only-node=\"\" \/>Dzi\u0119kujemy, \u017ce jeste\u015b cz\u0119\u015bci\u0105 naszej spo\u0142eczno\u015bci i wspierasz nasz\u0105 misj\u0119.<\/p><\/div>\t\t\t\t\t\t\t\t<\/div>\n\t\t\t\t\t<\/div>\n\t\t\t\t<\/div>\n\t\t<div class=\"elementor-element elementor-element-0312161 e-flex e-con-boxed e-con e-parent\" data-id=\"0312161\" data-element_type=\"container\">\n\t\t\t\t\t<div class=\"e-con-inner\">\n\t\t\t\t<div class=\"elementor-element elementor-element-1ef4968 elementor-hidden-desktop elementor-hidden-tablet elementor-widget elementor-widget-image\" data-id=\"1ef4968\" data-element_type=\"widget\" data-widget_type=\"image.default\">\n\t\t\t\t\t\t\t\t\t\t\t\t\t\t\t<img fetchpriority=\"high\" decoding=\"async\" width=\"727\" height=\"1024\" src=\"https:\/\/pisc.uk\/pl\/wp-content\/uploads\/2025\/12\/PISC-CIC-Booklet-1-727x1024.webp\" class=\"attachment-large size-large wp-image-2342\" alt=\"pisc cic booklet.webp\" srcset=\"https:\/\/pisc.uk\/pl\/wp-content\/uploads\/2025\/12\/PISC-CIC-Booklet-1-727x1024.webp 727w, https:\/\/pisc.uk\/pl\/wp-content\/uploads\/2025\/12\/PISC-CIC-Booklet-1-213x300.webp 213w, https:\/\/pisc.uk\/pl\/wp-content\/uploads\/2025\/12\/PISC-CIC-Booklet-1-768x1082.webp 768w, https:\/\/pisc.uk\/pl\/wp-content\/uploads\/2025\/12\/PISC-CIC-Booklet-1-1090x1536.webp 1090w, https:\/\/pisc.uk\/pl\/wp-content\/uploads\/2025\/12\/PISC-CIC-Booklet-1.webp 1240w\" sizes=\"(max-width: 727px) 100vw, 727px\" title=\"Ulotka\">\t\t\t\t\t\t\t\t\t\t\t\t\t\t\t<\/div>\n\t\t\t\t\t<\/div>\n\t\t\t\t<\/div>\n\t\t<div class=\"elementor-element elementor-element-6da1180 e-con-full e-flex e-con e-parent\" data-id=\"6da1180\" data-element_type=\"container\">\n\t\t\t\t<div class=\"elementor-element elementor-element-931c744 elementor-widget__width-auto elementor-widget elementor-widget-heading\" data-id=\"931c744\" data-element_type=\"widget\" data-widget_type=\"heading.default\">\n\t\t\t\t\t<h2 class=\"elementor-heading-title elementor-size-default\"><div class=\"_df_book df-lite\" id=\"df_2349\"  _slug=\"2349\" data-title=\"pisc-cic-ulotka\" wpoptions=\"true\" thumb=\"https:\/\/pisc.uk\/pl\/wp-content\/uploads\/2025\/12\/PISC-CIC-Booklet-1.webp\" thumbtype=\"\" ><\/div><script class=\"df-shortcode-script\" nowprocket type=\"application\/javascript\">window.option_df_2349 = {\"outline\":[],\"backgroundColor\":\"#F2F2F2\",\"autoEnableOutline\":\"false\",\"autoEnableThumbnail\":\"false\",\"overwritePDFOutline\":\"false\",\"direction\":\"1\",\"pageSize\":\"0\",\"source\":\"https:\\\/\\\/pisc.uk\\\/pl\\\/wp-content\\\/uploads\\\/2025\\\/12\\\/Booklet-PISC-CIC.pdf\",\"wpOptions\":\"true\"}; if(window.DFLIP && window.DFLIP.parseBooks){window.DFLIP.parseBooks();}<\/script><\/h2>\t\t\t\t<\/div>\n\t\t\t\t<\/div>\n\t\t\t\t<\/div>\n\t\t","protected":false},"excerpt":{"rendered":"<p>Wspieramy spo\u0142eczno\u015bci. Dzielimy si\u0119 wiedz\u0105. Inspirujemy do zmian. Sprawd\u017a nasz\u0105 najnowsz\u0105 ulotk\u0119 Weso\u0142ych \u015awi\u0105t i Szcz\u0119\u015bliwego Nowego Roku \ud83c\udf84\u017byczymy pokoju, nadziei i wsp\u00f3lnoty w tym \u015bwi\u0105tecznym czasie.Dzi\u0119kujemy, \u017ce jeste\u015b cz\u0119\u015bci\u0105 naszej spo\u0142eczno\u015bci i wspierasz nasz\u0105 misj\u0119.<\/p>\n","protected":false},"author":2,"featured_media":0,"parent":0,"menu_order":0,"comment_status":"closed","ping_status":"closed","template":"","meta":{"site-sidebar-layout":"no-sidebar","site-content-layout":"page-builder","ast-site-content-layout":"full-width-container","site-content-style":"default","site-sidebar-style":"default","ast-global-header-display":"","ast-banner-title-visibility":"","ast-main-header-display":"","ast-hfb-above-header-display":"","ast-hfb-below-header-display":"","ast-hfb-mobile-header-display":"","site-post-title":"disabled","ast-breadcrumbs-content":"","ast-featured-img":"disabled","footer-sml-layout":"","theme-transparent-header-meta":"enabled","adv-header-id-meta":"","stick-header-meta":"","header-above-stick-meta":"","header-main-stick-meta":"","header-below-stick-meta":"","astra-migrate-meta-layouts":"set","ast-page-background-enabled":"default","ast-page-background-meta":{"desktop":{"background-color":"","background-image":"","background-repeat":"repeat","background-position":"center center","background-size":"auto","background-attachment":"scroll","background-type":"","background-media":"","overlay-type":"","overlay-color":"","overlay-opacity":"","overlay-gradient":""},"tablet":{"background-color":"","background-image":"","background-repeat":"repeat","background-position":"center center","background-size":"auto","background-attachment":"scroll","background-type":"","background-media":"","overlay-type":"","overlay-color":"","overlay-opacity":"","overlay-gradient":""},"mobile":{"background-color":"","background-image":"","background-repeat":"repeat","background-position":"center center","background-size":"auto","background-attachment":"scroll","background-type":"","background-media":"","overlay-type":"","overlay-color":"","overlay-opacity":"","overlay-gradient":""}},"ast-content-background-meta":{"desktop":{"background-color":"var(--ast-global-color-5)","background-image":"","background-repeat":"repeat","background-position":"center center","background-size":"auto","background-attachment":"scroll","background-type":"","background-media":"","overlay-type":"","overlay-color":"","overlay-opacity":"","overlay-gradient":""},"tablet":{"background-color":"var(--ast-global-color-5)","background-image":"","background-repeat":"repeat","background-position":"center center","background-size":"auto","background-attachment":"scroll","background-type":"","background-media":"","overlay-type":"","overlay-color":"","overlay-opacity":"","overlay-gradient":""},"mobile":{"background-color":"var(--ast-global-color-5)","background-image":"","background-repeat":"repeat","background-position":"center center","background-size":"auto","background-attachment":"scroll","background-type":"","background-media":"","overlay-type":"","overlay-color":"","overlay-opacity":"","overlay-gradient":""}},"footnotes":""},"class_list":["post-2332","page","type-page","status-publish","hentry"],"_hostinger_reach_plugin_has_subscription_block":false,"_hostinger_reach_plugin_is_elementor":false,"_links":{"self":[{"href":"https:\/\/pisc.uk\/pl\/wp-json\/wp\/v2\/pages\/2332","targetHints":{"allow":["GET"]}}],"collection":[{"href":"https:\/\/pisc.uk\/pl\/wp-json\/wp\/v2\/pages"}],"about":[{"href":"https:\/\/pisc.uk\/pl\/wp-json\/wp\/v2\/types\/page"}],"author":[{"embeddable":true,"href":"https:\/\/pisc.uk\/pl\/wp-json\/wp\/v2\/users\/2"}],"replies":[{"embeddable":true,"href":"https:\/\/pisc.uk\/pl\/wp-json\/wp\/v2\/comments?post=2332"}],"version-history":[{"count":58,"href":"https:\/\/pisc.uk\/pl\/wp-json\/wp\/v2\/pages\/2332\/revisions"}],"predecessor-version":[{"id":2401,"href":"https:\/\/pisc.uk\/pl\/wp-json\/wp\/v2\/pages\/2332\/revisions\/2401"}],"wp:attachment":[{"href":"https:\/\/pisc.uk\/pl\/wp-json\/wp\/v2\/media?parent=2332"}],"curies":[{"name":"wp","href":"https:\/\/api.w.org\/{rel}","templated":true}]}}